{"id":1011,"date":"2025-12-30T19:10:30","date_gmt":"2025-12-30T18:10:30","guid":{"rendered":"https:\/\/www.kceditions.fr\/?page_id=1011"},"modified":"2025-12-30T19:27:38","modified_gmt":"2025-12-30T18:27:38","slug":"nicoletta-vallorani-2","status":"publish","type":"page","link":"https:\/\/www.kceditions.fr\/index.php\/nicoletta-vallorani-2\/","title":{"rendered":"Nicoletta Vallorani"},"content":{"rendered":"\n<p style=\"font-size:19px\"><strong>Nicoletta Vallorani<\/strong>, n\u00e9e en Italie dans la r\u00e9gion des Marches, professeure de litt\u00e9rature anglaise \u00e0 l\u2019Universit\u00e9 de Milan, traductrice et \u00e9crivaine, est l\u2019auteure de nombreux romans, nouvelles et essais. Si elle privil\u00e9gie les genres \u2018polar\u2019 et \u2018science-fiction\u2019, elle a publi\u00e9 plusieurs livres \u2018jeunesse\u2019. Plusieurs de ses \u0153uvres ont \u00e9t\u00e9 traduites en anglais et en fran\u00e7ais, entre autres chez Gallimard et Rivages\/Payot. Ces derni\u00e8res ann\u00e9es, elle publie <em>Avrai i miei occhi<\/em>, <em>Eva <\/em>et <em>Noi siamo campo di battaglia<\/em>, un triptyque consacr\u00e9 \u00e0 la ville de Milan, o\u00f9 elle r\u00e9side.<\/p>\n\n\n\n<p style=\"font-size:19px\">Elle a re\u00e7u plusieurs distinctions, dont le Prix Urania 1992 pour le roman de science-fiction <em>Il cuore finto di DR<\/em>, le prix Zanaclea 1996 pour <em>La fidanzata di Zorro<\/em>, le Premio Maria Teresa Di Lascia 2012 pour <em>Le madri cattive<\/em>, et le Premio Italia 2022 pour <em>Tu auras mes yeux<\/em>.<\/p>\n\n\n\n<p style=\"font-size:19px\">Aux \u00e9ditions KC : <strong><em><a href=\"https:\/\/www.kceditions.fr\/index.php\/nicoletta-vallorani\/\">Tu auras mes yeux<\/a><\/em><\/strong>, 2026<\/p>\n\n\n\n<p style=\"font-size:17px\">Publications (s\u00e9lection)&nbsp;: <em><strong>Il cuore finto di DR<\/strong><\/em> (1992), roman, publi\u00e9 en fran\u00e7ais sous le titre <em><strong>Replicante<\/strong><\/em>, Paris, Rivages\/Payot, coll. Payot SF, 2000; <em><strong>Dentro la notte e ciao<\/strong><\/em> (1995), roman, publi\u00e9 en fran\u00e7ais sous le titre <strong><em>Trois p&#8217;tites nuits et puis s&#8217;en vont<\/em>,<\/strong> Paris, Gallimard S\u00e9rie noire, 1998; <em><strong>La fidanzata di Zorro<\/strong><\/em> (1996), roman, publi\u00e9 en fran\u00e7ais sous le titre <em><strong>La Fianc\u00e9e de Zorro<\/strong><\/em>, Paris, Gallimard S\u00e9rie noire, 2000; <strong><em>Achab e Azul<\/em> <\/strong>(1997), roman, publi\u00e9 en fran\u00e7ais sous le titre <em>Achab et Azul<\/em>, Paris, Gallimard Jeunesse, 1999; <strong><em>Choukra<\/em> <\/strong>(1997), nouvelle, publi\u00e9e en fran\u00e7ais sous le m\u00eame titre in <em>Fragments d\u2019un miroir bris\u00e9<\/em>, Paris, Rivages\/Payot, 1999, r\u00e9\u00e9dition Pocket, 2001; <strong><em>Snuff Movie<\/em> <\/strong>(1997), nouvelle, publi\u00e9e en fran\u00e7ais sous le m\u00eame titre dans la revue \u00ab Galaxie \u00bb, n. 4, 2009; <em><strong>Cuore meticcio<\/strong><\/em> (1998), roman, publi\u00e9 en fran\u00e7ais sous le titre <em><strong>C\u0153ur m\u00e9tis<\/strong><\/em>, Paris, Gallimard S\u00e9rie noire, 2002; <strong><em>Cybo<\/em> <\/strong>(1999), nouvelle, publi\u00e9e en fran\u00e7ais sous le m\u00eame titre, in <em>Cosmic Erotica<\/em>, Paris, J\u2019ai lu, 2000; <strong><em>Floopy libera tutti<\/em> <\/strong>(2000), nouvelle, publi\u00e9e en fran\u00e7ais sous le titre <em><strong>Celle qui lib\u00e8re<\/strong>,<\/em> in <em>Utopiae<\/em>, Paris, L\u2019Atalante, 2000; <em><strong>Eva<\/strong>,<\/em> roman, Einaudi, 2002, nouvelle \u00e9dition: Zona 42, 2021; <em><strong>Visto dal cielo<\/strong><\/em>, roman,&nbsp;Einaudi, 2004; <em><strong>Come una balena<\/strong><\/em>, roman, Salani, 2008; <em><strong>Le madri cattive<\/strong><\/em>, roman, Salani, 2011; <strong><em>Pasolini\u2019s Shadow<\/em> <\/strong>(2011), nouvelle, publi\u00e9e en fran\u00e7ais sous le titre <em><strong>L\u2019Ombre de Pasolini<\/strong><\/em>, in <em>Rome Noir<\/em>, Paris, Folio policier, 2013; <em><strong>Avrai i miei occhi<\/strong><\/em>, Zona 42, 2020; <em><strong>Noi siamo campo di battaglia<\/strong><\/em>, Zona 42, 2022; <em><strong>Ogni cosa e nessuna<\/strong><\/em>, Zona 42, 2025<\/p>\n","protected":false},"excerpt":{"rendered":"<p>Nicoletta Vallorani, n\u00e9e en Italie dans la r\u00e9gion des Marches, professeure de litt\u00e9rature anglaise \u00e0 l\u2019Universit\u00e9 de Milan, traductrice et \u00e9crivaine, est l\u2019auteure de nombreux romans, nouvelles et essais. Si elle privil\u00e9gie les genres \u2018polar\u2019 et \u2018science-fiction\u2019, elle a publi\u00e9 plusieurs livres \u2018jeunesse\u2019. Plusieurs de ses \u0153uvres ont \u00e9t\u00e9 traduites en anglais et en fran\u00e7ais, [&hellip;]<\/p>\n","protected":false},"author":1,"featured_media":1022,"parent":0,"menu_order":0,"comment_status":"closed","ping_status":"closed","template":"","meta":{"footnotes":""},"class_list":["post-1011","page","type-page","status-publish","has-post-thumbnail","hentry"],"_links":{"self":[{"href":"https:\/\/www.kceditions.fr\/index.php\/wp-json\/wp\/v2\/pages\/1011","targetHints":{"allow":["GET"]}}],"collection":[{"href":"https:\/\/www.kceditions.fr\/index.php\/wp-json\/wp\/v2\/pages"}],"about":[{"href":"https:\/\/www.kceditions.fr\/index.php\/wp-json\/wp\/v2\/types\/page"}],"author":[{"embeddable":true,"href":"https:\/\/www.kceditions.fr\/index.php\/wp-json\/wp\/v2\/users\/1"}],"replies":[{"embeddable":true,"href":"https:\/\/www.kceditions.fr\/index.php\/wp-json\/wp\/v2\/comments?post=1011"}],"version-history":[{"count":4,"href":"https:\/\/www.kceditions.fr\/index.php\/wp-json\/wp\/v2\/pages\/1011\/revisions"}],"predecessor-version":[{"id":1018,"href":"https:\/\/www.kceditions.fr\/index.php\/wp-json\/wp\/v2\/pages\/1011\/revisions\/1018"}],"wp:featuredmedia":[{"embeddable":true,"href":"https:\/\/www.kceditions.fr\/index.php\/wp-json\/wp\/v2\/media\/1022"}],"wp:attachment":[{"href":"https:\/\/www.kceditions.fr\/index.php\/wp-json\/wp\/v2\/media?parent=1011"}],"curies":[{"name":"wp","href":"https:\/\/api.w.org\/{rel}","templated":true}]}}