{"id":1089,"date":"2026-01-27T11:07:53","date_gmt":"2026-01-27T10:07:53","guid":{"rendered":"https:\/\/www.kceditions.fr\/?page_id=1089"},"modified":"2026-01-27T11:57:26","modified_gmt":"2026-01-27T10:57:26","slug":"patrick-bouvet","status":"publish","type":"page","link":"https:\/\/www.kceditions.fr\/index.php\/patrick-bouvet\/","title":{"rendered":"Patrick Bouvet"},"content":{"rendered":"\n<p style=\"font-size:20px\"><strong>Patrick Bouvet<\/strong> se consacre d\u2019abord \u00e0 la cr\u00e9ation musicale. Chanteur et compositeur dans un groupe de rock, il \u00e9tend ensuite son travail sur le sampling et le collage musical \u00e0 l\u2019\u00e9criture. Son premier livre, <em>In situ<\/em>, para\u00eet en 1999 aux \u00c9ditions de l\u2019Olivier. Chez ce m\u00eame \u00e9diteur, il publie une dizaine de livres, dont <em>Realitiz<\/em>, en 2025. Il a \u00e9galement cr\u00e9\u00e9 des pi\u00e8ces radiophoniques pour France Culture, et plusieurs de ses textes ont \u00e9t\u00e9 mis en sc\u00e8ne au th\u00e9\u00e2tre. Il est l\u2019un des artistes les plus originaux de la sc\u00e8ne underground fran\u00e7aise.<\/p>\n\n\n\n<p>Aux \u00e9ditions KC : <em><strong><a href=\"https:\/\/www.kceditions.fr\/index.php\/patrick-bouvet-2\/\">Oscillant sous l\u2019arc obscur des nouveaux soleils<\/a><\/strong><\/em>, 2026.<\/p>\n\n\n\n<p style=\"font-size:17px\">Principales publications&nbsp;: <strong><em>In situ<\/em><\/strong> (1999), <strong><em>Shot <\/em><\/strong>(2000), <strong><em>Direct<\/em><\/strong> (2002), <strong><em>Chaos Boy <\/em><\/strong>(2004), <strong><em>Canons<\/em><\/strong> (2007), <strong><em>Pulsion Lumi\u00e8re<\/em><\/strong> (2012), <strong><em>Carte son<\/em><\/strong> (2014), P<strong><em>etite histoire du spectacle industriel<\/em><\/strong> (2017), <strong><em>Le Livre du dedans<\/em><\/strong> (2019), <strong><em>Media Machine Muzak<\/em><\/strong> (2022), <strong><em>Realitiz <\/em><\/strong>(2025), aux \u00c9ditions de l&#8217;Olivier ; <strong><em>Open Space<\/em><\/strong> (Joca Seria, 2010), <em><strong>Trip Machine<\/strong><\/em> ( \u00c9ditions de L\u2019Attente, 2017), <strong><em>Pistes vol.1 <\/em><\/strong>(\u00c9ditions Jou, 2020).<br><\/p>\n","protected":false},"excerpt":{"rendered":"<p>Patrick Bouvet se consacre d\u2019abord \u00e0 la cr\u00e9ation musicale. Chanteur et compositeur dans un groupe de rock, il \u00e9tend ensuite son travail sur le sampling et le collage musical \u00e0 l\u2019\u00e9criture. Son premier livre, In situ, para\u00eet en 1999 aux \u00c9ditions de l\u2019Olivier. Chez ce m\u00eame \u00e9diteur, il publie une dizaine de livres, dont Realitiz, [&hellip;]<\/p>\n","protected":false},"author":1,"featured_media":1093,"parent":0,"menu_order":0,"comment_status":"closed","ping_status":"closed","template":"","meta":{"footnotes":""},"class_list":["post-1089","page","type-page","status-publish","has-post-thumbnail","hentry"],"_links":{"self":[{"href":"https:\/\/www.kceditions.fr\/index.php\/wp-json\/wp\/v2\/pages\/1089","targetHints":{"allow":["GET"]}}],"collection":[{"href":"https:\/\/www.kceditions.fr\/index.php\/wp-json\/wp\/v2\/pages"}],"about":[{"href":"https:\/\/www.kceditions.fr\/index.php\/wp-json\/wp\/v2\/types\/page"}],"author":[{"embeddable":true,"href":"https:\/\/www.kceditions.fr\/index.php\/wp-json\/wp\/v2\/users\/1"}],"replies":[{"embeddable":true,"href":"https:\/\/www.kceditions.fr\/index.php\/wp-json\/wp\/v2\/comments?post=1089"}],"version-history":[{"count":3,"href":"https:\/\/www.kceditions.fr\/index.php\/wp-json\/wp\/v2\/pages\/1089\/revisions"}],"predecessor-version":[{"id":1114,"href":"https:\/\/www.kceditions.fr\/index.php\/wp-json\/wp\/v2\/pages\/1089\/revisions\/1114"}],"wp:featuredmedia":[{"embeddable":true,"href":"https:\/\/www.kceditions.fr\/index.php\/wp-json\/wp\/v2\/media\/1093"}],"wp:attachment":[{"href":"https:\/\/www.kceditions.fr\/index.php\/wp-json\/wp\/v2\/media?parent=1089"}],"curies":[{"name":"wp","href":"https:\/\/api.w.org\/{rel}","templated":true}]}}