{"id":1098,"date":"2026-01-27T11:39:58","date_gmt":"2026-01-27T10:39:58","guid":{"rendered":"https:\/\/www.kceditions.fr\/?page_id=1098"},"modified":"2026-02-12T11:01:54","modified_gmt":"2026-02-12T10:01:54","slug":"patrick-bouvet-2","status":"publish","type":"page","link":"https:\/\/www.kceditions.fr\/index.php\/patrick-bouvet-2\/","title":{"rendered":"Patrick Bouvet"},"content":{"rendered":"\n<div class=\"wp-block-columns alignwide has-subtle-background-background-color has-background is-layout-flex wp-container-core-columns-is-layout-9d6595d7 wp-block-columns-is-layout-flex\">\n<div class=\"wp-block-column has-subtle-background-background-color has-background is-layout-flow wp-block-column-is-layout-flow\" style=\"flex-basis:50%\">\n<figure class=\"wp-block-image size-large is-resized\"><img loading=\"lazy\" decoding=\"async\" width=\"664\" height=\"1024\" src=\"https:\/\/www.kceditions.fr\/wp-content\/uploads\/2026\/01\/couv_Bouvet_couleur_5_1-3-664x1024.jpg\" alt=\"\" class=\"wp-image-1129\" style=\"aspect-ratio:2\/3;object-fit:contain;width:380px\" srcset=\"https:\/\/www.kceditions.fr\/wp-content\/uploads\/2026\/01\/couv_Bouvet_couleur_5_1-3-664x1024.jpg 664w, https:\/\/www.kceditions.fr\/wp-content\/uploads\/2026\/01\/couv_Bouvet_couleur_5_1-3-195x300.jpg 195w, https:\/\/www.kceditions.fr\/wp-content\/uploads\/2026\/01\/couv_Bouvet_couleur_5_1-3-768x1184.jpg 768w, https:\/\/www.kceditions.fr\/wp-content\/uploads\/2026\/01\/couv_Bouvet_couleur_5_1-3-996x1536.jpg 996w, https:\/\/www.kceditions.fr\/wp-content\/uploads\/2026\/01\/couv_Bouvet_couleur_5_1-3-1328x2048.jpg 1328w, https:\/\/www.kceditions.fr\/wp-content\/uploads\/2026\/01\/couv_Bouvet_couleur_5_1-3-1200x1850.jpg 1200w, https:\/\/www.kceditions.fr\/wp-content\/uploads\/2026\/01\/couv_Bouvet_couleur_5_1-3.jpg 1417w\" sizes=\"auto, (max-width: 664px) 100vw, 664px\" \/><\/figure>\n<\/div>\n\n\n\n<div class=\"wp-block-column is-layout-flow wp-block-column-is-layout-flow\" style=\"flex-basis:70%\">\n<p>Foisonnant d\u2019images et de visions qui reviennent en boucle et se t\u00e9lescopent, <em>Oscillant sous l\u2019arc obscur des nouveaux soleils<\/em> interroge notre monde contemporain, chaotique et violent dans sa r\u00e9alit\u00e9, d\u00e9lirant dans son imaginaire et sa virtualit\u00e9. Fascin\u00e9s par les promesses des nouvelles technologies, nous oscillons entre excitation, perte d\u2019espoir et \u00e9puisement vital, face \u00e0 la profusion d\u2019actions, de paroles et de mises en sc\u00e8nes spectaculaires diffus\u00e9es \u00e0 longueur de journ\u00e9e.<br>Ce texte propose une r\u00e9flexion profond\u00e9ment actuelle, nourrie par les voix des anciens \u2013 J\u00e9r\u00f4me Bosch, Dante, les Grecs \u2013, pour effleurer quelque chose de plus myst\u00e9rieux, peut-\u00eatre intemporel, sur la condition humaine. Un texte \u00e0 lire comme une travers\u00e9e hallucin\u00e9e de notre pr\u00e9sent.<\/p>\n\n\n\n<p class=\"has-primary-color has-text-color has-link-color wp-elements-35e34681dd2c8925c0da10723f310e2a\" style=\"font-size:15px\"><strong><a href=\"https:\/\/www.kceditions.fr\/index.php\/patrick-bouvet\/\">Patrick Bouvet<\/a><\/strong> se consacre d\u2019abord \u00e0 la cr\u00e9ation musicale. Chanteur et compositeur dans un groupe de rock, il \u00e9tend ensuite son travail sur le sampling et le collage musical \u00e0 l\u2019\u00e9criture. Son premier livre, <em>In situ<\/em>, para\u00eet en 1999 aux \u00c9ditions de l\u2019Olivier. Chez ce m\u00eame \u00e9diteur, il publie une dizaine de livres, dont <em>Realitiz<\/em>, en 2025. Il a \u00e9galement cr\u00e9\u00e9 des pi\u00e8ces radiophoniques pour France Culture, et plusieurs de ses textes ont \u00e9t\u00e9 mis en sc\u00e8ne au th\u00e9\u00e2tre. Il est l\u2019un des artistes les plus originaux de la sc\u00e8ne underground fran\u00e7aise.<\/p>\n\n\n\n<p style=\"font-size:13px\">Format: Broch\u00e9 (185cm x 120cm)<br>Nombre de pages: 106<br>Prix TTC: 13.00 \u20ac<br>ISBN: 9782488251082<\/p>\n\n\n\n<p style=\"font-size:13px\"><strong>Parution: septembre 2026<\/strong><\/p>\n<\/div>\n<\/div>\n","protected":false},"excerpt":{"rendered":"<p>Foisonnant d\u2019images et de visions qui reviennent en boucle et se t\u00e9lescopent, Oscillant sous l\u2019arc obscur des nouveaux soleils interroge notre monde contemporain, chaotique et violent dans sa r\u00e9alit\u00e9, d\u00e9lirant dans son imaginaire et sa virtualit\u00e9. Fascin\u00e9s par les promesses des nouvelles technologies, nous oscillons entre excitation, perte d\u2019espoir et \u00e9puisement vital, face \u00e0 la [&hellip;]<\/p>\n","protected":false},"author":1,"featured_media":0,"parent":0,"menu_order":0,"comment_status":"closed","ping_status":"closed","template":"","meta":{"footnotes":""},"class_list":["post-1098","page","type-page","status-publish","hentry"],"_links":{"self":[{"href":"https:\/\/www.kceditions.fr\/index.php\/wp-json\/wp\/v2\/pages\/1098","targetHints":{"allow":["GET"]}}],"collection":[{"href":"https:\/\/www.kceditions.fr\/index.php\/wp-json\/wp\/v2\/pages"}],"about":[{"href":"https:\/\/www.kceditions.fr\/index.php\/wp-json\/wp\/v2\/types\/page"}],"author":[{"embeddable":true,"href":"https:\/\/www.kceditions.fr\/index.php\/wp-json\/wp\/v2\/users\/1"}],"replies":[{"embeddable":true,"href":"https:\/\/www.kceditions.fr\/index.php\/wp-json\/wp\/v2\/comments?post=1098"}],"version-history":[{"count":16,"href":"https:\/\/www.kceditions.fr\/index.php\/wp-json\/wp\/v2\/pages\/1098\/revisions"}],"predecessor-version":[{"id":1148,"href":"https:\/\/www.kceditions.fr\/index.php\/wp-json\/wp\/v2\/pages\/1098\/revisions\/1148"}],"wp:attachment":[{"href":"https:\/\/www.kceditions.fr\/index.php\/wp-json\/wp\/v2\/media?parent=1098"}],"curies":[{"name":"wp","href":"https:\/\/api.w.org\/{rel}","templated":true}]}}