{"id":130,"date":"2024-05-09T19:19:10","date_gmt":"2024-05-09T17:19:10","guid":{"rendered":"http:\/\/www.kceditions.fr\/?page_id=130"},"modified":"2026-01-12T02:55:50","modified_gmt":"2026-01-12T01:55:50","slug":"hasek","status":"publish","type":"page","link":"https:\/\/www.kceditions.fr\/index.php\/hasek\/","title":{"rendered":"Jaroslav Ha\u0161ek"},"content":{"rendered":"\n<div class=\"wp-block-columns alignwide has-subtle-background-background-color has-background is-layout-flex wp-container-core-columns-is-layout-9d6595d7 wp-block-columns-is-layout-flex\">\n<div class=\"wp-block-column is-layout-flow wp-block-column-is-layout-flow\" style=\"flex-basis:50%\">\n<figure class=\"wp-block-image size-full\"><img decoding=\"async\" src=\"https:\/\/www.kceditions.fr\/wp-content\/uploads\/2025\/02\/copertina_Hasek_vert_6_Site.jpg\" alt=\"\" class=\"wp-image-639\"\/><\/figure>\n<\/div>\n\n\n\n<div class=\"wp-block-column is-vertically-aligned-center is-layout-flow wp-block-column-is-layout-flow\" style=\"flex-basis:70%\">\n<p class=\"has-primary-color has-text-color has-link-color wp-elements-1123288d0f542390b5c25908e0362499\" style=\"font-size:15px\">\u00c0 Prague, au d\u00e9but du XXe si\u00e8cle, l&#8217;\u00e9crivain <strong><a href=\"https:\/\/www.kceditions.fr\/index.php\/jaroslav-hasek\/\">Jaroslav Ha\u0161ek<\/a> <\/strong>(1883-1923) appara\u00eet comme un trublion, un anarchiste, une figure de proue de la boh\u00e8me litt\u00e9raire. Mondialement connu apr\u00e8s la Grande Guerre pour son roman burlesque <em>Les Aventures du brave soldat \u0160vejk<\/em>, Ha\u0161ek fut d\u2019abord un ma\u00eetre incontest\u00e9 du r\u00e9cit court \u00e0 tonalit\u00e9 humoristique que, dans l\u2019ancien Empire austro-hongrois, on appelait humoresque.<br>La s\u00e9lection propos\u00e9e dans <em><strong>\u00c0 bas le pouvoir<\/strong><\/em> donne un aper\u00e7u de la gen\u00e8se de \u0160vejk, avec notamment les premi\u00e8res apparitions du personnage dans les \u00e9crits d\u2019avant-guerre, traduits ici pour la premi\u00e8re fois en fran\u00e7ais. Elle met surtout en lumi\u00e8re l\u2019engagement de son auteur, la critique radicale du pouvoir et la satire sans concession qu\u2019il fait de la soci\u00e9t\u00e9 de son \u00e9poque, sa r\u00e9bellion contre toute forme d\u2019oppression. Les situations politiques ont chang\u00e9, mais l&#8217;injustice, l\u2019obscurantisme et la b\u00eatise demeurent : ainsi l\u2019\u0153uvre de Ha\u0161ek n\u2019a-t-elle rien perdu de son actualit\u00e9.<\/p>\n\n\n\n<p style=\"font-size:15px\">Traduction du tch\u00e8que et postface de <strong>Jean Boutan<\/strong>, normalien, agr\u00e9g\u00e9 d\u2019allemand, docteur en \u00e9tudes slaves, sp\u00e9cialiste de la litt\u00e9rature tch\u00e8que et traducteur. Il est, entre autres, l\u2019\u00e9diteur des<em> Aventures du brave soldat \u0160vejk<\/em>, le traducteur de textes de Kafka pour les<em> \u0152uvres compl\u00e8tes<\/em> en Pl\u00e9iade, l\u2019auteur de la postface \u00e0 <em>Amerika<\/em> de Kafka et de l\u2019ouvrage <em>Amazones de Boh\u00eame: Construction du genre et de la nation \u00e0 l\u2019\u00e9poque romantique<\/em>.<\/p>\n\n\n\n<p style=\"font-size:15px\">Nouvelles choisies par <strong>Jan \u0160ulc<\/strong>, \u00e9diteur et critique litt\u00e9raire, Prix Karel \u010capek (ce prix distingue des personnalit\u00e9s dont l\u2019\u0153uvre litt\u00e9raire a contribu\u00e9 de mani\u00e8re significative \u00e0 la promotion ou \u00e0 la d\u00e9fense des valeurs d\u00e9mocratiques et humanistes).<\/p>\n\n\n\n<h2 class=\"wp-block-heading has-secondary-color has-text-color has-link-color wp-elements-8f088f246aea5071eafdf3cdb04cef3d\" style=\"font-size:12px\">Format: Broch\u00e9 (185cm x 120cm)<br>Nombre de pages: 194<br>Prix TTC: 16.00 \u20ac<br>ISBN: 9782959240140<br>Format Ebook : 9.99 \u20ac<\/h2>\n\n\n\n<p style=\"font-size:14px\"><strong>Parution: 16\/05\/2025<\/strong><\/p>\n<\/div>\n<\/div>\n\n\n\n<p class=\"has-text-align-center has-accent-color has-subtle-background-background-color has-text-color has-background has-link-color wp-elements-861839082d1fcf9463ae0c509f52c740\"><strong>On en parle&#8230;<\/strong><\/p>\n\n\n\n<p class=\"has-primary-color has-text-color has-link-color has-small-font-size wp-elements-44a875fd42c16a05a9ef5f1ae926466e\">La Feuille d\u2019infos du CIRA (Centre International de recherches sur l&#8217;Anarchisme), <a href=\"https:\/\/www.cira-marseille.info\/wp-content\/uploads\/2025\/07\/264-Juillet-aout-2025.pdf\">n\u00b0 264, juillet-ao\u00fbt 2025<\/a><\/p>\n\n\n\n<p><\/p>\n","protected":false},"excerpt":{"rendered":"<p>\u00c0 Prague, au d\u00e9but du XXe si\u00e8cle, l&#8217;\u00e9crivain Jaroslav Ha\u0161ek (1883-1923) appara\u00eet comme un trublion, un anarchiste, une figure de proue de la boh\u00e8me litt\u00e9raire. Mondialement connu apr\u00e8s la Grande Guerre pour son roman burlesque Les Aventures du brave soldat \u0160vejk, Ha\u0161ek fut d\u2019abord un ma\u00eetre incontest\u00e9 du r\u00e9cit court \u00e0 tonalit\u00e9 humoristique que, dans [&hellip;]<\/p>\n","protected":false},"author":1,"featured_media":0,"parent":0,"menu_order":0,"comment_status":"closed","ping_status":"closed","template":"","meta":{"footnotes":""},"class_list":["post-130","page","type-page","status-publish","hentry"],"_links":{"self":[{"href":"https:\/\/www.kceditions.fr\/index.php\/wp-json\/wp\/v2\/pages\/130","targetHints":{"allow":["GET"]}}],"collection":[{"href":"https:\/\/www.kceditions.fr\/index.php\/wp-json\/wp\/v2\/pages"}],"about":[{"href":"https:\/\/www.kceditions.fr\/index.php\/wp-json\/wp\/v2\/types\/page"}],"author":[{"embeddable":true,"href":"https:\/\/www.kceditions.fr\/index.php\/wp-json\/wp\/v2\/users\/1"}],"replies":[{"embeddable":true,"href":"https:\/\/www.kceditions.fr\/index.php\/wp-json\/wp\/v2\/comments?post=130"}],"version-history":[{"count":31,"href":"https:\/\/www.kceditions.fr\/index.php\/wp-json\/wp\/v2\/pages\/130\/revisions"}],"predecessor-version":[{"id":1066,"href":"https:\/\/www.kceditions.fr\/index.php\/wp-json\/wp\/v2\/pages\/130\/revisions\/1066"}],"wp:attachment":[{"href":"https:\/\/www.kceditions.fr\/index.php\/wp-json\/wp\/v2\/media?parent=130"}],"curies":[{"name":"wp","href":"https:\/\/api.w.org\/{rel}","templated":true}]}}