{"id":467,"date":"2024-12-03T15:23:01","date_gmt":"2024-12-03T14:23:01","guid":{"rendered":"http:\/\/www.kceditions.fr\/?page_id=467"},"modified":"2026-03-10T14:14:49","modified_gmt":"2026-03-10T13:14:49","slug":"dufeu","status":"publish","type":"page","link":"https:\/\/www.kceditions.fr\/index.php\/dufeu\/","title":{"rendered":"Antoine Dufeu"},"content":{"rendered":"\n<div class=\"wp-block-columns alignwide has-subtle-background-background-color has-background is-layout-flex wp-container-core-columns-is-layout-9d6595d7 wp-block-columns-is-layout-flex\">\n<div class=\"wp-block-column is-layout-flow wp-block-column-is-layout-flow\" style=\"flex-basis:33.34%\">\n<figure class=\"wp-block-image alignwide size-full\"><img decoding=\"async\" src=\"https:\/\/www.kceditions.fr\/wp-content\/uploads\/2025\/01\/copertina_Dufeu.jpg\" alt=\"\" class=\"wp-image-529\"\/><\/figure>\n<\/div>\n\n\n\n<div class=\"wp-block-column is-layout-flow wp-block-column-is-layout-flow\" style=\"flex-basis:33.34%\">\n<p style=\"font-size:15px\">Sur fond de violence et d\u00e9faut de justice, <strong><em>Blanchiment<\/em>&nbsp;<\/strong>est une fresque qui \u00e9voque les conditions de travail contemporaines d\u00e9grad\u00e9es, l&rsquo;individualisme d\u00e9brid\u00e9 ainsi que la solitude qui en r\u00e9sulte. En jouant sur diff\u00e9rents registres de langue, ce&nbsp;roman en vers,&nbsp;parfois dr\u00f4le, toujours inventif, entrelace les r\u00e9cits de trois personnages principaux, Ellen Bretton-Woods, artiste, N\u00fbrudd\u00een Calas, enseignant en \u00e9cole de design, et&nbsp;Adam Vincent, journaliste-essayeur automobile, lesquels entretiennent heureusement des amiti\u00e9s y compris au milieu de figures spectrales telles que JFFK ou JFK.<\/p>\n\n\n\n<p class=\"has-primary-color has-text-color has-link-color wp-elements-537f61f2c4fda51734c495bc4e3eba17\" style=\"font-size:15px\"><strong><a href=\"https:\/\/www.kceditions.fr\/index.php\/antoine-dufeu\/\">Antoine Dufeu<\/a><\/strong>, \u00e9crivain et po\u00e8te, est l\u2019auteur d\u2019une quinzaine de livres dont&nbsp;<em>Nous<\/em>&nbsp;(Mix., 2006),&nbsp;<em>Abonder<\/em> (NOUS, 2010),&nbsp;<em>AGO&nbsp;\u2013 autoportrait s\u00e9quenc\u00e9 de Tony Chicane<\/em>&nbsp;(Le Quartanier, 2012),&nbsp;<em>Sic<\/em>&nbsp;(al dante, 2015),&nbsp;<em>Sofia-Abeba<\/em> (MF, 2020),&nbsp;<em>Transports anonymes<\/em>&nbsp;(Les petits matins, 2025). Il forme avec Valentina Tra\u00efanova le duo Lubovda. Il est \u00e9galement \u00e9diteur, enseignant, journaliste et revuiste. Il vit \u00e0 Paris.<\/p>\n\n\n\n<p style=\"font-size:15px\">Format: Broch\u00e9 (14 x 20.5 cm)<br>Nombre de pages: 184<br>Prix TTC: 19.00 \u20ac<br>ISBN: 978-2-9592401-8-8<\/p>\n\n\n\n<p style=\"font-size:15px\"><strong>Parution: 24\/09\/2025<\/strong><\/p>\n<\/div>\n<\/div>\n\n\n\n<p class=\"has-text-align-center has-accent-color has-subtle-background-background-color has-text-color has-background has-link-color wp-elements-642f4f14c20929ce87ec4951d621eef0\"><strong>On en parle<\/strong>&#8230;<\/p>\n\n\n\n<p class=\"has-primary-color has-text-color has-link-color has-small-font-size wp-elements-9a2442a374eebd1a6c110a739a134b13\">Lecture d&rsquo;extraits de <em>Blanchiment<\/em>, par Antoine Dufeu et Valentina Traianova, <a href=\"https:\/\/www.youtube.com\/watch?v=E829ZKr_Zu8\">podcast<\/a><\/p>\n\n\n\n<p class=\"has-primary-color has-text-color has-link-color has-small-font-size wp-elements-c3862c18f74daa6935762734601bb8af\"><a href=\"https:\/\/www.instagram.com\/p\/DTmB9S3CRnL\/\">Article d&rsquo;H\u00e9l\u00e8ne Yvonne Meynaud, dans le num\u00e9ro 986 de \u201cl&rsquo;Humanit\u00e9 Magazine\u201d (15-21 janvier 26)<\/a><\/p>\n\n\n\n<p class=\"has-small-font-size\">Invit\u00e9 de Nathalie Lacroix, \u00e9mission Formules Magiques, DUUU radio (podcast disponible au printemps 2026)<\/p>\n\n\n\n<p class=\"has-small-font-size\">Lecture par l&rsquo;auteur d&rsquo;extraits de <em>Blanchiment<\/em>, \u00e9v\u00e9nement revue TINA #6, 29 novembre 2025, Paris<\/p>\n\n\n\n<p class=\"has-primary-color has-text-color has-link-color has-small-font-size wp-elements-fab8ac60dea1fc6786c94000ffa2f2a1\"><a href=\"https:\/\/www.humanite.fr\/culture-et-savoir\/litterature\/blanchiment-dantoine-dufeu-des-vers-pour-denoncer-lexploitation-des-precaires-et-les-abus-du-capitalisme\">Article d&rsquo;Alain Nicolas, \u201cL\u2019Humanit\u00e9\u201d, 22 octobre<\/a> 2025<\/p>\n\n\n\n<p class=\"has-primary-color has-text-color has-link-color has-small-font-size wp-elements-192b486239198f83b084b9fe370e35ba\"><a href=\"https:\/\/www.poesibao.fr\/antoine-dufeu-entretien-avec-florence-trocme-autour-de-blanchiment-iii-6-entretiens\/\">Entretien avec Florence Trocm\u00e9, \u201cPoesibao\u201d, 15 octobre<\/a> 2025<\/p>\n\n\n\n<p class=\"has-small-font-size\">3 octobre 2025, Lecture d&rsquo;extraits de <em>Blanchiment<\/em>, par Antoine Dufeu, invit\u00e9 par le CIPM dans le cadre de \u00abJoyeux anniversaires CIPM+La Marelle+actoral\u00bb, Marseille<\/p>\n\n\n\n<p class=\"has-primary-color has-text-color has-link-color has-small-font-size wp-elements-059cdd5b09e0b711f45b1690c1bed850\"><a href=\"https:\/\/editionsjou.net\/2025\/09\/24\/164-blanchiment-dantoine-dufeu-par-eric-arlix\/\">Note de lecture par \u00c9ric Arlix, \u201cTINA Online\u201d, 24 septembre<\/a> 2025<\/p>\n\n\n\n<p class=\"has-small-font-size\">24 octobre 2025, rencontre et d\u00e9dicace, Antoine Dufeu en dialogue avec Fabrice Langlet, librairie L\u2019Invitation, Orl\u00e9ans<\/p>\n\n\n\n<p class=\"has-primary-color has-text-color has-link-color has-small-font-size wp-elements-700983519c1f87d8d59a03ae94a97517\"><a href=\"https:\/\/www.librest.com\/librairie-l-atelier\/nos-rendez-vous\/26-septembre-2025\/6553-rencontre-avec-antoine-dufeu-pour\u2013blanchiment\u2013anime-par-cedric-mazet-zaccardelli\u2013editions-kc-\">26 septembre 2025, Pr\u00e9sentation de <em>Blanchiment<\/em> d\u2019Antoine Dufeu, \u00e0 la librairie L\u2019Atelier (75020). Rencontre anim\u00e9e par C\u00e9dric Mazet-Zaccardelli<\/a><\/p>\n","protected":false},"excerpt":{"rendered":"<p>Sur fond de violence et d\u00e9faut de justice, Blanchiment&nbsp;est une fresque qui \u00e9voque les conditions de travail contemporaines d\u00e9grad\u00e9es, l&rsquo;individualisme d\u00e9brid\u00e9 ainsi que la solitude qui en r\u00e9sulte. En jouant sur diff\u00e9rents registres de langue, ce&nbsp;roman en vers,&nbsp;parfois dr\u00f4le, toujours inventif, entrelace les r\u00e9cits de trois personnages principaux, Ellen Bretton-Woods, artiste, N\u00fbrudd\u00een Calas, enseignant en [&hellip;]<\/p>\n","protected":false},"author":1,"featured_media":0,"parent":0,"menu_order":0,"comment_status":"closed","ping_status":"closed","template":"","meta":{"footnotes":""},"class_list":["post-467","page","type-page","status-publish","hentry"],"_links":{"self":[{"href":"https:\/\/www.kceditions.fr\/index.php\/wp-json\/wp\/v2\/pages\/467","targetHints":{"allow":["GET"]}}],"collection":[{"href":"https:\/\/www.kceditions.fr\/index.php\/wp-json\/wp\/v2\/pages"}],"about":[{"href":"https:\/\/www.kceditions.fr\/index.php\/wp-json\/wp\/v2\/types\/page"}],"author":[{"embeddable":true,"href":"https:\/\/www.kceditions.fr\/index.php\/wp-json\/wp\/v2\/users\/1"}],"replies":[{"embeddable":true,"href":"https:\/\/www.kceditions.fr\/index.php\/wp-json\/wp\/v2\/comments?post=467"}],"version-history":[{"count":38,"href":"https:\/\/www.kceditions.fr\/index.php\/wp-json\/wp\/v2\/pages\/467\/revisions"}],"predecessor-version":[{"id":1174,"href":"https:\/\/www.kceditions.fr\/index.php\/wp-json\/wp\/v2\/pages\/467\/revisions\/1174"}],"wp:attachment":[{"href":"https:\/\/www.kceditions.fr\/index.php\/wp-json\/wp\/v2\/media?parent=467"}],"curies":[{"name":"wp","href":"https:\/\/api.w.org\/{rel}","templated":true}]}}