{"id":712,"date":"2025-09-02T15:27:54","date_gmt":"2025-09-02T13:27:54","guid":{"rendered":"https:\/\/www.kceditions.fr\/?page_id=712"},"modified":"2025-12-30T21:18:00","modified_gmt":"2025-12-30T20:18:00","slug":"nicoletta-vallorani","status":"publish","type":"page","link":"https:\/\/www.kceditions.fr\/index.php\/nicoletta-vallorani\/","title":{"rendered":"Nicoletta Vallorani"},"content":{"rendered":"\n<div class=\"wp-block-columns alignwide are-vertically-aligned-top has-subtle-background-background-color has-background is-layout-flex wp-container-core-columns-is-layout-9d6595d7 wp-block-columns-is-layout-flex\">\n<div class=\"wp-block-column is-vertically-aligned-top is-layout-flow wp-block-column-is-layout-flow\">\n<figure class=\"wp-block-image size-full\"><img decoding=\"async\" src=\"https:\/\/www.kceditions.fr\/wp-content\/uploads\/2025\/09\/Vallorani_Couv_3.jpg\" alt=\"\" class=\"wp-image-713\" style=\"object-fit:cover\"\/><\/figure>\n<\/div>\n\n\n\n<div class=\"wp-block-column is-vertically-aligned-top is-layout-flow wp-block-column-is-layout-flow\">\n<p style=\"font-size:16px\">C\u2019est l\u2019hiver \u00e0 Milan, ville d\u00e9sol\u00e9e entre toutes. Mais il n\u2019y a jamais de bonne saison pour enqu\u00eater sur un tas de cadavres de femmes abandonn\u00e9s comme des ordures \u00e0 la lisi\u00e8re des friches industrielles. Des femmes\u200a? Des personnes\u200a? Ou plut\u00f4t des cobayes, des clones, des choses\u200a? C\u2019est la question que se pose Nigredo, charg\u00e9 d\u2019une enqu\u00eate qui le conduira \u00e0 franchir les murs divisant Milan en zones de rigide assignation sociale. Olivia, survivante comme lui de temps meilleurs, d\u00e9cide de l\u2019aider. Ils refusent de c\u00e9der \u00e0 la r\u00e9signation qui les entoure.<br>Entre polar et dystopie, <em>Tu auras mes yeux<\/em> nous fait p\u00e9n\u00e9trer dans les failles d\u2019une ville d\u00e9vast\u00e9e et au c\u0153ur de th\u00e9matiques sensibles comme la violence, le pouvoir et la douleur.<br>Ce roman a \u00e9t\u00e9 r\u00e9compens\u00e9 par le Premio Italia et s\u00e9lectionn\u00e9 pour le Premio Campiello.<\/p>\n\n\n\n<p style=\"font-size:16px\"><strong><a href=\"https:\/\/www.kceditions.fr\/index.php\/nicoletta-vallorani-2\/\">Nicoletta Vallorani<\/a><\/strong>, n\u00e9e en Italie dans la r\u00e9gion des Marches, professeure de litt\u00e9rature anglaise \u00e0 l\u2019Universit\u00e9 de Milan, traductrice et \u00e9crivaine, est l\u2019auteure de nombreux romans, nouvelles et essais. Plusieurs de ses ouvrages ont \u00e9t\u00e9 traduits en anglais et en fran\u00e7ais, notamment son premier roman <em>R\u00e9plicante<\/em>, laur\u00e9at du Prix Urania (Payot &amp; Rivages), ainsi que ses romans noirs <em>Trois p\u2019tites nuits et puis s\u2019en vont<\/em>, <em>La fianc\u00e9e de Zorro<\/em> et <em>C\u0153ur m\u00e9tis<\/em> (Gallimard). Ces derni\u00e8res ann\u00e9es, elle publie <em>Avrai i miei occhi<\/em>, <em>Eva <\/em>et <em>Noi siamo campo di battaglia<\/em>, un triptyque consacr\u00e9 \u00e0 la ville de Milan, o\u00f9 elle r\u00e9side.<\/p>\n\n\n\n<p style=\"font-size:13px\">Format: Broch\u00e9 (14 x 20.5 cm)<br>Nombre de pages: 242<br>Prix TTC 19 \u20ac<br>ISBN: 9782488251044<\/p>\n\n\n\n<p style=\"font-size:13px\">Format Ebook<br>Prix TTC 12,99 \u20ac<br>ISBN: 9782488251051<\/p>\n\n\n\n<p style=\"font-size:15px\"><strong>Parution: 26\/03\/2026<\/strong><\/p>\n<\/div>\n<\/div>\n","protected":false},"excerpt":{"rendered":"<p>C\u2019est l\u2019hiver \u00e0 Milan, ville d\u00e9sol\u00e9e entre toutes. Mais il n\u2019y a jamais de bonne saison pour enqu\u00eater sur un tas de cadavres de femmes abandonn\u00e9s comme des ordures \u00e0 la lisi\u00e8re des friches industrielles. Des femmes\u200a? Des personnes\u200a? Ou plut\u00f4t des cobayes, des clones, des choses\u200a? C\u2019est la question que se pose Nigredo, charg\u00e9 [&hellip;]<\/p>\n","protected":false},"author":1,"featured_media":0,"parent":0,"menu_order":0,"comment_status":"closed","ping_status":"closed","template":"","meta":{"footnotes":""},"class_list":["post-712","page","type-page","status-publish","hentry"],"_links":{"self":[{"href":"https:\/\/www.kceditions.fr\/index.php\/wp-json\/wp\/v2\/pages\/712","targetHints":{"allow":["GET"]}}],"collection":[{"href":"https:\/\/www.kceditions.fr\/index.php\/wp-json\/wp\/v2\/pages"}],"about":[{"href":"https:\/\/www.kceditions.fr\/index.php\/wp-json\/wp\/v2\/types\/page"}],"author":[{"embeddable":true,"href":"https:\/\/www.kceditions.fr\/index.php\/wp-json\/wp\/v2\/users\/1"}],"replies":[{"embeddable":true,"href":"https:\/\/www.kceditions.fr\/index.php\/wp-json\/wp\/v2\/comments?post=712"}],"version-history":[{"count":14,"href":"https:\/\/www.kceditions.fr\/index.php\/wp-json\/wp\/v2\/pages\/712\/revisions"}],"predecessor-version":[{"id":1024,"href":"https:\/\/www.kceditions.fr\/index.php\/wp-json\/wp\/v2\/pages\/712\/revisions\/1024"}],"wp:attachment":[{"href":"https:\/\/www.kceditions.fr\/index.php\/wp-json\/wp\/v2\/media?parent=712"}],"curies":[{"name":"wp","href":"https:\/\/api.w.org\/{rel}","templated":true}]}}