{"id":749,"date":"2025-11-28T19:12:40","date_gmt":"2025-11-28T18:12:40","guid":{"rendered":"https:\/\/www.kceditions.fr\/?page_id=749"},"modified":"2026-01-18T14:20:14","modified_gmt":"2026-01-18T13:20:14","slug":"gerry-feehily","status":"publish","type":"page","link":"https:\/\/www.kceditions.fr\/index.php\/gerry-feehily\/","title":{"rendered":"Gerry Feehily"},"content":{"rendered":"\n<div class=\"wp-block-columns alignwide are-vertically-aligned-top has-subtle-background-background-color has-background is-layout-flex wp-container-core-columns-is-layout-9d6595d7 wp-block-columns-is-layout-flex\">\n<div class=\"wp-block-column is-vertically-aligned-top is-layout-flow wp-block-column-is-layout-flow\" style=\"flex-basis:33%\">\n<figure class=\"wp-block-image size-full\"><img decoding=\"async\" src=\"https:\/\/www.kceditions.fr\/wp-content\/uploads\/2025\/11\/Now_Couv_site-1.jpg\" alt=\"\" class=\"wp-image-756\"\/><\/figure>\n<\/div>\n\n\n\n<div class=\"wp-block-column is-vertically-aligned-top is-layout-flow wp-block-column-is-layout-flow\" style=\"flex-basis:60%\">\n<p style=\"font-size:15px\">La mode et sa m\u00e9taphysique de l\u2019\u00e9ph\u00e9m\u00e8re. Dans <em>Now<\/em>, rock, d\u00e9sir et drogue s\u2019entrechoquent \u00e0 travers les destins de mannequins, de cr\u00e9ateurs et d\u2019aventuriers \u00e9voluant dans le milieu de la haute couture, \u00e0 la fin de l\u2019\u00e8re Thatcher, entre la chute du mur de Berlin et l\u2019\u00e9pid\u00e9mie de sida.<br>Nick Baines, photographe fuyant les d\u00e9combres d\u2019un amour, d\u00e9couvre dans une station-service du Kansas l\u2019incarnation d\u2019une jeunesse am\u00e9ricaine encore innocente, Burt, dont l\u2019ascension, sous l\u2019aile du cr\u00e9ateur Kurt Zero, r\u00e9v\u00e8le la fragilit\u00e9 d\u2019un monde b\u00e2ti sur des mirages. De l\u2019autre c\u00f4t\u00e9 de l\u2019Atlantique, Art, jeune Irlandais ayant renonc\u00e9 \u00e0 ses \u00e9tudes de philosophie, int\u00e8gre la maison avant-gardiste The House of Now, un univers o\u00f9 la beaut\u00e9 sert de monnaie d\u2019\u00e9change. Sa liaison avec le top model Amber Revelshade \u2013 muse, \u00e9nigme \u2013 devient une idylle fragile, menac\u00e9e par les brusques retournements du destin.<br>Des ruines d\u2019\u00c9ph\u00e8se \u00e0 Venice Beach, ce roman interroge l\u2019adage de Leopardi : la mode et la mort sont s\u0153urs. Que reste-t-il lorsque les lumi\u00e8res s\u2019\u00e9teignent et que la m\u00e9moire s\u2019\u00e9choue, amn\u00e9sique ? Rien que l\u2019instant pr\u00e9sent, impitoyable et lumineux \u2013 now \u2013 cet instant qui d\u00e9vore tous les futurs et n\u2019admet aucun pass\u00e9.<\/p>\n\n\n\n<p class=\"has-primary-color has-text-color has-link-color wp-elements-225cb02bfa135ba4ef43951a71f032a2\" style=\"font-size:15px\"><br><strong><a href=\"https:\/\/www.kceditions.fr\/index.php\/gerry-feehily-2\/\">Gerry Feehily<\/a><\/strong>, n\u00e9 \u00e0 Londres, a grandi en Irlande. Apr\u00e8s des \u00e9tudes litt\u00e9raires \u00e0 Dublin, il s\u2019installe dans les ann\u00e9es 1990 \u00e0 Paris, o\u00f9 il vit aujourd\u2019hui. Traducteur, enseignant, journaliste et critique litt\u00e9raire pour la presse britannique et fran\u00e7aise, il est chef du service Europe \u00e0 <em>Courrier International<\/em>. Il a publi\u00e9, en anglais, le roman <em>Fever<\/em> (2007) et le r\u00e9cit <em>Gunk<\/em> (2013). <em>Now <\/em>est son premier roman \u00e9crit en fran\u00e7ais.<\/p>\n\n\n\n<p style=\"font-size:14px\">Format: Broch\u00e9 (14 x 20.5 cm)<br>Nombre de pages: 296<br>Prix TTC: 21 \u20ac<br>ISBN: 9782488251068<\/p>\n\n\n\n<p style=\"font-size:14px\">Format \u00e9lectronique<br>Prix TTC 13,99 \u20ac<br>ISBN: 9782488251075<\/p>\n\n\n\n<p style=\"font-size:14px\"><strong>Parution: 19\/05\/2026<\/strong><\/p>\n<\/div>\n<\/div>\n","protected":false},"excerpt":{"rendered":"<p>La mode et sa m\u00e9taphysique de l\u2019\u00e9ph\u00e9m\u00e8re. Dans Now, rock, d\u00e9sir et drogue s\u2019entrechoquent \u00e0 travers les destins de mannequins, de cr\u00e9ateurs et d\u2019aventuriers \u00e9voluant dans le milieu de la haute couture, \u00e0 la fin de l\u2019\u00e8re Thatcher, entre la chute du mur de Berlin et l\u2019\u00e9pid\u00e9mie de sida.Nick Baines, photographe fuyant les d\u00e9combres d\u2019un [&hellip;]<\/p>\n","protected":false},"author":1,"featured_media":0,"parent":0,"menu_order":0,"comment_status":"closed","ping_status":"closed","template":"","meta":{"footnotes":""},"class_list":["post-749","page","type-page","status-publish","hentry"],"_links":{"self":[{"href":"https:\/\/www.kceditions.fr\/index.php\/wp-json\/wp\/v2\/pages\/749","targetHints":{"allow":["GET"]}}],"collection":[{"href":"https:\/\/www.kceditions.fr\/index.php\/wp-json\/wp\/v2\/pages"}],"about":[{"href":"https:\/\/www.kceditions.fr\/index.php\/wp-json\/wp\/v2\/types\/page"}],"author":[{"embeddable":true,"href":"https:\/\/www.kceditions.fr\/index.php\/wp-json\/wp\/v2\/users\/1"}],"replies":[{"embeddable":true,"href":"https:\/\/www.kceditions.fr\/index.php\/wp-json\/wp\/v2\/comments?post=749"}],"version-history":[{"count":13,"href":"https:\/\/www.kceditions.fr\/index.php\/wp-json\/wp\/v2\/pages\/749\/revisions"}],"predecessor-version":[{"id":1087,"href":"https:\/\/www.kceditions.fr\/index.php\/wp-json\/wp\/v2\/pages\/749\/revisions\/1087"}],"wp:attachment":[{"href":"https:\/\/www.kceditions.fr\/index.php\/wp-json\/wp\/v2\/media?parent=749"}],"curies":[{"name":"wp","href":"https:\/\/api.w.org\/{rel}","templated":true}]}}