{"id":829,"date":"2025-12-27T15:43:21","date_gmt":"2025-12-27T14:43:21","guid":{"rendered":"https:\/\/www.kceditions.fr\/?page_id=829"},"modified":"2025-12-28T16:01:32","modified_gmt":"2025-12-28T15:01:32","slug":"pavel-hak","status":"publish","type":"page","link":"https:\/\/www.kceditions.fr\/index.php\/pavel-hak\/","title":{"rendered":"Pavel Hak"},"content":{"rendered":"\n<p style=\"font-size:20px\"><strong>Pavel Hak<\/strong> est n\u00e9 \u00e0 T\u00e1bor, en Boh\u00eame, en 1962. Apr\u00e8s avoir franchi ill\u00e9galement la fronti\u00e8re entre la Yougoslavie et l\u2019Italie, pays o\u00f9 il a obtenu l\u2019asile politique, il s\u2019est install\u00e9 en France en 1986. Il est dipl\u00f4m\u00e9 en philosophie \u00e0 la Sorbonne.<\/p>\n\n\n\n<p style=\"font-size:20px\">Aux \u00e9ditions KC : <strong><em><a href=\"https:\/\/www.kceditions.fr\/index.php\/autobiographie-hak\/\">Autobiographie<\/a><\/em><\/strong>, roman, 2024; <strong><a href=\"https:\/\/www.kceditions.fr\/index.php\/trust-hak\/\"><em>Trust<\/em><\/a><\/strong>, roman, 2025.<\/p>\n\n\n\n<p style=\"font-size:17px\">Principales publications&nbsp;: <strong><em>Safari<\/em><\/strong> (roman, 2001, Tristram). Traduit en tch\u00e8que. <strong><em>Sniper<\/em><\/strong> (roman, 2002, Tristram). Traduit en anglais, finnois, italien et tch\u00e8que. R\u00e9\u00e9dit\u00e9 en poche (Librio, 2004). R\u00e9\u00e9dit\u00e9 en poche (Tristram, 2017). Adaptation th\u00e9\u00e2trale (Cie Ouvre le Chien, 2005). Adaptation radiophonique, France Culture (2005). <strong><em>Lutte \u00e0 mort<\/em><\/strong> (th\u00e9\u00e2tre, 2004, Tristram). <strong><em>Trans <\/em><\/strong>(roman, Seuil, 2006). Prix Wepler Fondation La Poste. Traduit en allemand, italien, tch\u00e8que. R\u00e9\u00e9dit\u00e9 en poche (Points Seuil, 2009). <strong><em>Warax <\/em><\/strong>(roman, Seuil, 2009). Traduit en italien et en tch\u00e8que. <strong><em>Vomito negro<\/em><\/strong> (roman, Verdier, 2011). Bourse de cr\u00e9ation CNL. Prix Litt\u00e9raire des Jeunes Europ\u00e9ens. Traduit en tch\u00e8que.<\/p>\n\n\n\n<p style=\"font-size:17px\"><strong>Site de l\u2019auteur&nbsp;<\/strong>: <a href=\"http:\/\/www.pavelhak.com\">www.pavelhak.com<\/a><\/p>\n","protected":false},"excerpt":{"rendered":"<p>Pavel Hak est n\u00e9 \u00e0 T\u00e1bor, en Boh\u00eame, en 1962. Apr\u00e8s avoir franchi ill\u00e9galement la fronti\u00e8re entre la Yougoslavie et l\u2019Italie, pays o\u00f9 il a obtenu l\u2019asile politique, il s\u2019est install\u00e9 en France en 1986. Il est dipl\u00f4m\u00e9 en philosophie \u00e0 la Sorbonne. Aux \u00e9ditions KC : Autobiographie, roman, 2024; Trust, roman, 2025. Principales publications&nbsp;: [&hellip;]<\/p>\n","protected":false},"author":1,"featured_media":875,"parent":0,"menu_order":0,"comment_status":"closed","ping_status":"closed","template":"","meta":{"footnotes":""},"class_list":["post-829","page","type-page","status-publish","has-post-thumbnail","hentry"],"_links":{"self":[{"href":"https:\/\/www.kceditions.fr\/index.php\/wp-json\/wp\/v2\/pages\/829","targetHints":{"allow":["GET"]}}],"collection":[{"href":"https:\/\/www.kceditions.fr\/index.php\/wp-json\/wp\/v2\/pages"}],"about":[{"href":"https:\/\/www.kceditions.fr\/index.php\/wp-json\/wp\/v2\/types\/page"}],"author":[{"embeddable":true,"href":"https:\/\/www.kceditions.fr\/index.php\/wp-json\/wp\/v2\/users\/1"}],"replies":[{"embeddable":true,"href":"https:\/\/www.kceditions.fr\/index.php\/wp-json\/wp\/v2\/comments?post=829"}],"version-history":[{"count":9,"href":"https:\/\/www.kceditions.fr\/index.php\/wp-json\/wp\/v2\/pages\/829\/revisions"}],"predecessor-version":[{"id":902,"href":"https:\/\/www.kceditions.fr\/index.php\/wp-json\/wp\/v2\/pages\/829\/revisions\/902"}],"wp:featuredmedia":[{"embeddable":true,"href":"https:\/\/www.kceditions.fr\/index.php\/wp-json\/wp\/v2\/media\/875"}],"wp:attachment":[{"href":"https:\/\/www.kceditions.fr\/index.php\/wp-json\/wp\/v2\/media?parent=829"}],"curies":[{"name":"wp","href":"https:\/\/api.w.org\/{rel}","templated":true}]}}