{"id":834,"date":"2025-12-27T16:56:20","date_gmt":"2025-12-27T15:56:20","guid":{"rendered":"https:\/\/www.kceditions.fr\/?page_id=834"},"modified":"2025-12-28T16:00:07","modified_gmt":"2025-12-28T15:00:07","slug":"antoine-dufeu","status":"publish","type":"page","link":"https:\/\/www.kceditions.fr\/index.php\/antoine-dufeu\/","title":{"rendered":"Antoine Dufeu"},"content":{"rendered":"\n<p style=\"font-size:18px\"><strong>Antoine Dufeu<\/strong>, dipl\u00f4m\u00e9 de l\u2019Edhec, \u00e9crivain et po\u00e8te, a publi\u00e9 une vingtaine d\u2019ouvrages. Il forme avec Valentina Tra\u00efanova le duo Lubovda. Il a fond\u00e9&nbsp;Lic, plateforme \u00e9ditoriale et de recherche (programme de recherche Valuations, revue RIP, etc.). Il est membre du comit\u00e9 r\u00e9dactionnel de la revue Multitudes. Il est \u00e9galement \u00e9diteur, enseignant (ancien directeur du P\u00f4le \u00e9criture de Strate \u00e9cole de design, actuellement responsable du pilier \u2018se cultiver-penser-\u00e9crire\u2019 de CY \u00e9cole de design et enseignant de fran\u00e7ais et de philosophie \u00e0 l\u2019\u00c9cole de design Nantes Atlantique), et journaliste (collaborations pass\u00e9es&nbsp;: Caradisiac, Auto Plus, Sport Auto\u2026, et actuelles&nbsp;: L\u2019officiel des transporteurs et France Routes). Il est membre de l\u2019INSL, de la SACD, de la Scam et de la SGDL. Il vit \u00e0 Paris.<\/p>\n\n\n\n<p style=\"font-size:17px\">Aux \u00e9ditions KC : <strong><em><a href=\"https:\/\/www.kceditions.fr\/index.php\/dufeu\/\">Blanchiment<\/a><\/em><\/strong>, 2025<\/p>\n\n\n\n<p style=\"font-size:16px\">Principales publications&nbsp;: <em><strong>Nous abstraire<\/strong><\/em>, collection \u00ab Philox \u00bb, \u00e9ditions de l\u2019Attente, 2022; <em><strong>Sofia-Abeba<\/strong><\/em>, MF, 2020; <em><strong>Chroniques bretton-woodsiennes<\/strong><\/em>, Mix., 2016; <em><strong>Sic<\/strong><\/em>, Al Dante, 2015; <em><strong>Blancs<\/strong><\/em>, Cneai=, 2014; <em><strong>L\u2019On\u00e9nu no<\/strong>n<\/em>, ENd Editions, 2013; <em><strong>AGO &#8211; autoportrait s\u00e9quenc\u00e9 de Tony Chicane<\/strong><\/em>, Quartanier, 2012; <em><strong>Abonder<\/strong><\/em>, NOUS, 2010; <em><strong>Amour singulier<\/strong><\/em>, accompagn\u00e9 de <em><strong>\u00c9lans<\/strong><\/em> par Marius Gu\u00e9rin, Dernier T\u00e9l\u00e9gramme, 2010, <em><strong>Vinagi gotov<\/strong><\/em>, Mix., 2009; <em><strong>SEnsemble<\/strong><\/em>, le clou dans le fer, 2008; <em><strong>Nous<\/strong><\/em>, Mix., 2006; <em><strong>inch\u2019menschen<\/strong><\/em>, Mix., 2004; <strong><em>L\u2019Inch\u2019 \u00e0 l\u2019as<\/em> <\/strong>(extrait), par Sonia Jeuland, Mix., 2004; <em><strong>NHL 1.1<\/strong><\/em>, Mix., 2002; <em><strong>Caca-exercices<\/strong><\/em>, MERH, 2002. <\/p>\n\n\n\n<p style=\"font-size:16px\">Site de l\u2019auteur\u00a0: <a href=\"https:\/\/antoinedufeu.fr\/\">https:\/\/antoinedufeu.fr\/<\/a><\/p>\n","protected":false},"excerpt":{"rendered":"<p>Antoine Dufeu, dipl\u00f4m\u00e9 de l\u2019Edhec, \u00e9crivain et po\u00e8te, a publi\u00e9 une vingtaine d\u2019ouvrages. Il forme avec Valentina Tra\u00efanova le duo Lubovda. Il a fond\u00e9&nbsp;Lic, plateforme \u00e9ditoriale et de recherche (programme de recherche Valuations, revue RIP, etc.). Il est membre du comit\u00e9 r\u00e9dactionnel de la revue Multitudes. Il est \u00e9galement \u00e9diteur, enseignant (ancien directeur du P\u00f4le [&hellip;]<\/p>\n","protected":false},"author":1,"featured_media":792,"parent":0,"menu_order":0,"comment_status":"closed","ping_status":"closed","template":"","meta":{"footnotes":""},"class_list":["post-834","page","type-page","status-publish","has-post-thumbnail","hentry"],"_links":{"self":[{"href":"https:\/\/www.kceditions.fr\/index.php\/wp-json\/wp\/v2\/pages\/834","targetHints":{"allow":["GET"]}}],"collection":[{"href":"https:\/\/www.kceditions.fr\/index.php\/wp-json\/wp\/v2\/pages"}],"about":[{"href":"https:\/\/www.kceditions.fr\/index.php\/wp-json\/wp\/v2\/types\/page"}],"author":[{"embeddable":true,"href":"https:\/\/www.kceditions.fr\/index.php\/wp-json\/wp\/v2\/users\/1"}],"replies":[{"embeddable":true,"href":"https:\/\/www.kceditions.fr\/index.php\/wp-json\/wp\/v2\/comments?post=834"}],"version-history":[{"count":10,"href":"https:\/\/www.kceditions.fr\/index.php\/wp-json\/wp\/v2\/pages\/834\/revisions"}],"predecessor-version":[{"id":900,"href":"https:\/\/www.kceditions.fr\/index.php\/wp-json\/wp\/v2\/pages\/834\/revisions\/900"}],"wp:featuredmedia":[{"embeddable":true,"href":"https:\/\/www.kceditions.fr\/index.php\/wp-json\/wp\/v2\/media\/792"}],"wp:attachment":[{"href":"https:\/\/www.kceditions.fr\/index.php\/wp-json\/wp\/v2\/media?parent=834"}],"curies":[{"name":"wp","href":"https:\/\/api.w.org\/{rel}","templated":true}]}}