{"id":878,"date":"2025-12-28T14:39:41","date_gmt":"2025-12-28T13:39:41","guid":{"rendered":"https:\/\/www.kceditions.fr\/?page_id=878"},"modified":"2025-12-30T19:21:39","modified_gmt":"2025-12-30T18:21:39","slug":"gloria-paganini-2","status":"publish","type":"page","link":"https:\/\/www.kceditions.fr\/index.php\/gloria-paganini-2\/","title":{"rendered":"Gloria Paganini"},"content":{"rendered":"\n<p style=\"font-size:20px\"><strong>Gloria Paganini<\/strong> n\u00e9e \u00e0 Mantoue, en Italie, s\u2019est dipl\u00f4m\u00e9e en philosophie \u00e0 l\u2019universit\u00e9 de Bologne, puis en \u00e9tudes italiennes \u00e0 l\u2019universit\u00e9 Paris 3 &#8211; Sorbonne Nouvelle, avant de s\u2019installer d\u00e9finitivement en France, \u00e0 la fin des ann\u00e9es 1980. Elle est enseignante-chercheure \u00e0 l\u2019universit\u00e9 de Nantes.<\/p>\n\n\n\n<p class=\"has-primary-color has-text-color has-link-color wp-elements-0057d41a3fea82f372aeacbeeba3c13a\" style=\"font-size:20px\">Elle est Directrice artistique, depuis 2001, du festival annuel de cin\u00e9ma italien <em>Univercin\u00e9<\/em>, et a pr\u00e9sid\u00e9, de 2006 \u00e0 2025, l&#8217;Association Univercin\u00e9, regroupant les festivals annuels de cin\u00e9ma europ\u00e9en (allemand, britannique, est-europ\u00e9en et italien). Elle est laur\u00e9ate du projet europ\u00e9en <em><a href=\"https:\/\/www.univ-nantes.fr\/international\/collaborations-internationales\/projet-de-cooperation-erasmus-action2-eunivercine\">EUnivercin\u00e9<\/a><\/em>. <em>L\u2019Europe des langues, des cultures, des soci\u00e9t\u00e9s \u00e0 travers la jeune cr\u00e9ation cin\u00e9matographique <\/em>(2022-2024), co-financ\u00e9 par l\u2019Union Europ\u00e9enne, un programme international de formation et de recherche \u00e0 vis\u00e9e plurilingue, interculturelle et interdisciplinaire.<\/p>\n\n\n\n<p style=\"font-size:20px\">Elle a publi\u00e9 plusieurs ouvrages et articles scientifiques portant sur l&#8217;Italie contemporaine et ses alt\u00e9rit\u00e9s : repr\u00e9sentation sociale et culturelle de l&#8217;\u00e9tranger, du migrant, des <em>Nouveaux Italiens<\/em>, de la famille, de la parentalit\u00e9, de la femme, notamment dans le cin\u00e9ma italien.<\/p>\n\n\n\n<p style=\"font-size:20px\"><em><a href=\"https:\/\/www.kceditions.fr\/index.php\/gloria-paganini\/\"><strong>L\u00e0 o\u00f9 je ne dois pas \u00eatre<\/strong><\/a><\/em> est son premier roman.<\/p>\n","protected":false},"excerpt":{"rendered":"<p>Gloria Paganini n\u00e9e \u00e0 Mantoue, en Italie, s\u2019est dipl\u00f4m\u00e9e en philosophie \u00e0 l\u2019universit\u00e9 de Bologne, puis en \u00e9tudes italiennes \u00e0 l\u2019universit\u00e9 Paris 3 &#8211; Sorbonne Nouvelle, avant de s\u2019installer d\u00e9finitivement en France, \u00e0 la fin des ann\u00e9es 1980. Elle est enseignante-chercheure \u00e0 l\u2019universit\u00e9 de Nantes. Elle est Directrice artistique, depuis 2001, du festival annuel de [&hellip;]<\/p>\n","protected":false},"author":1,"featured_media":794,"parent":0,"menu_order":0,"comment_status":"closed","ping_status":"closed","template":"","meta":{"footnotes":""},"class_list":["post-878","page","type-page","status-publish","has-post-thumbnail","hentry"],"_links":{"self":[{"href":"https:\/\/www.kceditions.fr\/index.php\/wp-json\/wp\/v2\/pages\/878","targetHints":{"allow":["GET"]}}],"collection":[{"href":"https:\/\/www.kceditions.fr\/index.php\/wp-json\/wp\/v2\/pages"}],"about":[{"href":"https:\/\/www.kceditions.fr\/index.php\/wp-json\/wp\/v2\/types\/page"}],"author":[{"embeddable":true,"href":"https:\/\/www.kceditions.fr\/index.php\/wp-json\/wp\/v2\/users\/1"}],"replies":[{"embeddable":true,"href":"https:\/\/www.kceditions.fr\/index.php\/wp-json\/wp\/v2\/comments?post=878"}],"version-history":[{"count":5,"href":"https:\/\/www.kceditions.fr\/index.php\/wp-json\/wp\/v2\/pages\/878\/revisions"}],"predecessor-version":[{"id":1020,"href":"https:\/\/www.kceditions.fr\/index.php\/wp-json\/wp\/v2\/pages\/878\/revisions\/1020"}],"wp:featuredmedia":[{"embeddable":true,"href":"https:\/\/www.kceditions.fr\/index.php\/wp-json\/wp\/v2\/media\/794"}],"wp:attachment":[{"href":"https:\/\/www.kceditions.fr\/index.php\/wp-json\/wp\/v2\/media?parent=878"}],"curies":[{"name":"wp","href":"https:\/\/api.w.org\/{rel}","templated":true}]}}