{"id":887,"date":"2025-12-28T15:05:33","date_gmt":"2025-12-28T14:05:33","guid":{"rendered":"https:\/\/www.kceditions.fr\/?page_id=887"},"modified":"2025-12-28T15:34:53","modified_gmt":"2025-12-28T14:34:53","slug":"veronique-pittolo","status":"publish","type":"page","link":"https:\/\/www.kceditions.fr\/index.php\/veronique-pittolo\/","title":{"rendered":"V\u00e9ronique Pittolo"},"content":{"rendered":"\n<p style=\"font-size:19px\"><strong>V\u00e9ronique Pittolo<\/strong>, n\u00e9e en 1960 \u00e0 Douai, dipl\u00f4m\u00e9e en histoire de l&#8217;art (Paris 1), po\u00e8te, \u00e9crivaine, critique d&#8217;art (Beaux-Arts Magazine, Art Press, Sitaudis, Diacritik), anime des ateliers d&#8217;\u00e9criture depuis 1995 \u00e0 l&#8217;\u00c9ducation nationale, en \u00c9cole d&#8217;art, \u00e0 l&#8217;h\u00f4pital, notamment au d\u00e9partement p\u00e9diatrie de l&#8217;Institut Gustave Roussy (elle a publi\u00e9 en 2012 un ouvrage avec les patients autour de la question de la litt\u00e9rature dans un monde vuln\u00e9rable).<\/p>\n\n\n\n<p style=\"font-size:19px\">Prix de po\u00e9sie de la SGDL (2004). Auteure de fictions radiophoniques sur France Culture depuis 2006. Auteure d&#8217;une dizaine de livres, dont le roman <em>\u00c0 la piscine avec Norbert<\/em>, Seuil, 2021. <\/p>\n\n\n\n<p style=\"font-size:19px\">Aux \u00e9ditions KC : <em><a href=\"https:\/\/www.kceditions.fr\/index.php\/pittolo\/\"><strong>Elle raconte toujours des histoires (de l\u2019art)<\/strong><\/a><\/em>, 2026 <\/p>\n\n\n\n<p style=\"font-size:17px\">Principales publications : <em><strong>Montage<\/strong><\/em>, Fourbis, 1992; <em><strong>XY ou la Poursuite du Bonheur<\/strong><\/em>, Cahiers Eph\u00e9m\u00e9rides, 1998; <em><strong>H\u00e9ros<\/strong><\/em>, Al Dante, 1998; <em><strong>Schrek<\/strong><\/em>, l\u2019Attente, 2003; <em><strong>Chaperon Loup Farci<\/strong><\/em>, La Main Courante, 2003; <em><strong>Gary Cooper ne lisait pas de livres<\/strong><\/em>, Al Dante, 2004; <em><strong>Exploration<\/strong><\/em>, Eolienne, 2005; <em><strong>Op\u00e9ra isotherme<\/strong><\/em>, Al Dante, 2005; <em><strong>Danse \u00e0 l\u2019\u00e9cole<\/strong><\/em>, l\u2019Attente, 2006; <em><strong>H\u00e9l\u00e8ne mode d\u2019emploi<\/strong><\/em>, Al Dante, 2008; <em><strong>Ralentir Spider<\/strong><\/em>, l\u2019Attente, 2008; <em>L<strong>a R\u00e9volution dans la poche<\/strong><\/em>, Al Dante, 2009; <em><strong>Toute R\u00e9surrection commence par les pieds<\/strong><\/em>, l\u2019Attente, 2012; <em><strong>On sait pourquoi les renards sont roux<\/strong><\/em>, le temps des cerises, 2012; <em><strong>Une jeune fille dans tout le royaume<\/strong><\/em>, l\u2019Attente, 2014; <em><strong>Monom\u00e8re &amp; Maxiplace<\/strong><\/em>, l\u2019Attente, 2017; <em><strong>\u00c0 la piscine avec Norbert<\/strong><\/em>, Seuil, 2021<\/p>\n","protected":false},"excerpt":{"rendered":"<p>V\u00e9ronique Pittolo, n\u00e9e en 1960 \u00e0 Douai, dipl\u00f4m\u00e9e en histoire de l&#8217;art (Paris 1), po\u00e8te, \u00e9crivaine, critique d&#8217;art (Beaux-Arts Magazine, Art Press, Sitaudis, Diacritik), anime des ateliers d&#8217;\u00e9criture depuis 1995 \u00e0 l&#8217;\u00c9ducation nationale, en \u00c9cole d&#8217;art, \u00e0 l&#8217;h\u00f4pital, notamment au d\u00e9partement p\u00e9diatrie de l&#8217;Institut Gustave Roussy (elle a publi\u00e9 en 2012 un ouvrage avec les [&hellip;]<\/p>\n","protected":false},"author":1,"featured_media":890,"parent":0,"menu_order":0,"comment_status":"closed","ping_status":"closed","template":"","meta":{"footnotes":""},"class_list":["post-887","page","type-page","status-publish","has-post-thumbnail","hentry"],"_links":{"self":[{"href":"https:\/\/www.kceditions.fr\/index.php\/wp-json\/wp\/v2\/pages\/887","targetHints":{"allow":["GET"]}}],"collection":[{"href":"https:\/\/www.kceditions.fr\/index.php\/wp-json\/wp\/v2\/pages"}],"about":[{"href":"https:\/\/www.kceditions.fr\/index.php\/wp-json\/wp\/v2\/types\/page"}],"author":[{"embeddable":true,"href":"https:\/\/www.kceditions.fr\/index.php\/wp-json\/wp\/v2\/users\/1"}],"replies":[{"embeddable":true,"href":"https:\/\/www.kceditions.fr\/index.php\/wp-json\/wp\/v2\/comments?post=887"}],"version-history":[{"count":1,"href":"https:\/\/www.kceditions.fr\/index.php\/wp-json\/wp\/v2\/pages\/887\/revisions"}],"predecessor-version":[{"id":888,"href":"https:\/\/www.kceditions.fr\/index.php\/wp-json\/wp\/v2\/pages\/887\/revisions\/888"}],"wp:featuredmedia":[{"embeddable":true,"href":"https:\/\/www.kceditions.fr\/index.php\/wp-json\/wp\/v2\/media\/890"}],"wp:attachment":[{"href":"https:\/\/www.kceditions.fr\/index.php\/wp-json\/wp\/v2\/media?parent=887"}],"curies":[{"name":"wp","href":"https:\/\/api.w.org\/{rel}","templated":true}]}}