{"id":903,"date":"2025-12-28T16:29:22","date_gmt":"2025-12-28T15:29:22","guid":{"rendered":"https:\/\/www.kceditions.fr\/?page_id=903"},"modified":"2025-12-28T17:29:22","modified_gmt":"2025-12-28T16:29:22","slug":"jaroslav-hasek","status":"publish","type":"page","link":"https:\/\/www.kceditions.fr\/index.php\/jaroslav-hasek\/","title":{"rendered":"Jaroslav Ha\u0161ek"},"content":{"rendered":"\n<p style=\"font-size:20px\">Jaroslav Ha\u0161ek (1883-1923), romancier et journaliste tch\u00e8que, n\u00e9 \u00e0 Prague alors int\u00e9gr\u00e9e \u00e0 l\u2019Empire austro-hongrois. Personnalit\u00e9 boh\u00e8me et provocatrice, il m\u00e8ne une vie instable marqu\u00e9e par la pauvret\u00e9, l\u2019errance, l\u2019alcool et l\u2019engagement politique, notamment dans les milieux anarchistes avant la Premi\u00e8re Guerre mondiale. Mobilis\u00e9 en 1915, puis fait prisonnier par les Russes, Ha\u0161ek rejoint ensuite les rangs bolcheviques durant la R\u00e9volution russe. Ces exp\u00e9riences nourrissent profond\u00e9ment son \u0153uvre, domin\u00e9e par une satire f\u00e9roce de l\u2019arm\u00e9e, de la bureaucratie et de l\u2019absurdit\u00e9 du pouvoir. <\/p>\n\n\n\n<p style=\"font-size:20px\">Il est mondialement connu pour le roman burlesque <em>Les Aventures du brave soldat \u0160vejk<\/em> (1921-1923), chef-d\u2019\u0153uvre de l\u2019humour noir et de l\u2019ironie antimilitariste.  Il est \u00e9galement un ma\u00eetre incontest\u00e9 du r\u00e9cit court \u00e0 tonalit\u00e9 humoristique.<\/p>\n\n\n\n<p style=\"font-size:20px\">Mort pr\u00e9matur\u00e9ment \u00e0 39 ans, Jaroslav Ha\u0161ek est aujourd\u2019hui consid\u00e9r\u00e9 comme l\u2019un des plus grands \u00e9crivains et satiristes europ\u00e9ens du XX\u1d49 si\u00e8cle.<\/p>\n\n\n\n<p style=\"font-size:20px\">Aux \u00e9ditions KC  : <strong><em><a href=\"https:\/\/www.kceditions.fr\/index.php\/hasek\/\">\u00c0 bas le pouvoir<\/a><\/em><\/strong>, nouvelles satiriques (2025)<\/p>\n\n\n\n<p style=\"font-size:17px\">\u00abSous l\u2019Empire austro-hongrois ou sous la R\u00e9publique tch\u00e9coslovaque, les \u00e9crits satiriques de Ha\u0161ek d\u00e9noncent les faux-semblants de l\u2019autorit\u00e9 sous tous ses aspects, qu\u2019elle soit politique, militaire ou eccl\u00e9siastique, morale ou intellectuelle, le pouvoir sous toutes ses formes [\u2026] Ha\u0161ek est tout sauf un th\u00e9oricien. Il est anarchiste en tant qu\u2019il s\u2019efforce d\u2019apporter dans ses humoresques une r\u00e9ponse \u00ab\u2009ajust\u00e9e\u2009\u00bb \u00e0 l\u2019actualit\u00e9, la seule qui soit\u2009: c\u2019est le rire\u00bb, Jean Boutan, Postface: <em>\u00abUn \u00e9clat de rire d\u00e9flagrant\u00bb. Les humoresques de Jaroslav Ha\u0161ek<\/em> (p. 181-191).<\/p>\n","protected":false},"excerpt":{"rendered":"<p>Jaroslav Ha\u0161ek (1883-1923), romancier et journaliste tch\u00e8que, n\u00e9 \u00e0 Prague alors int\u00e9gr\u00e9e \u00e0 l\u2019Empire austro-hongrois. Personnalit\u00e9 boh\u00e8me et provocatrice, il m\u00e8ne une vie instable marqu\u00e9e par la pauvret\u00e9, l\u2019errance, l\u2019alcool et l\u2019engagement politique, notamment dans les milieux anarchistes avant la Premi\u00e8re Guerre mondiale. Mobilis\u00e9 en 1915, puis fait prisonnier par les Russes, Ha\u0161ek rejoint ensuite [&hellip;]<\/p>\n","protected":false},"author":1,"featured_media":905,"parent":0,"menu_order":0,"comment_status":"closed","ping_status":"closed","template":"","meta":{"footnotes":""},"class_list":["post-903","page","type-page","status-publish","has-post-thumbnail","hentry"],"_links":{"self":[{"href":"https:\/\/www.kceditions.fr\/index.php\/wp-json\/wp\/v2\/pages\/903","targetHints":{"allow":["GET"]}}],"collection":[{"href":"https:\/\/www.kceditions.fr\/index.php\/wp-json\/wp\/v2\/pages"}],"about":[{"href":"https:\/\/www.kceditions.fr\/index.php\/wp-json\/wp\/v2\/types\/page"}],"author":[{"embeddable":true,"href":"https:\/\/www.kceditions.fr\/index.php\/wp-json\/wp\/v2\/users\/1"}],"replies":[{"embeddable":true,"href":"https:\/\/www.kceditions.fr\/index.php\/wp-json\/wp\/v2\/comments?post=903"}],"version-history":[{"count":7,"href":"https:\/\/www.kceditions.fr\/index.php\/wp-json\/wp\/v2\/pages\/903\/revisions"}],"predecessor-version":[{"id":921,"href":"https:\/\/www.kceditions.fr\/index.php\/wp-json\/wp\/v2\/pages\/903\/revisions\/921"}],"wp:featuredmedia":[{"embeddable":true,"href":"https:\/\/www.kceditions.fr\/index.php\/wp-json\/wp\/v2\/media\/905"}],"wp:attachment":[{"href":"https:\/\/www.kceditions.fr\/index.php\/wp-json\/wp\/v2\/media?parent=903"}],"curies":[{"name":"wp","href":"https:\/\/api.w.org\/{rel}","templated":true}]}}