{"id":909,"date":"2025-12-28T16:50:22","date_gmt":"2025-12-28T15:50:22","guid":{"rendered":"https:\/\/www.kceditions.fr\/?page_id=909"},"modified":"2025-12-30T19:22:40","modified_gmt":"2025-12-30T18:22:40","slug":"gian-pietro-lucini","status":"publish","type":"page","link":"https:\/\/www.kceditions.fr\/index.php\/gian-pietro-lucini\/","title":{"rendered":"Gian Pietro Lucini"},"content":{"rendered":"\n<p style=\"font-size:20px\"><strong>Gian Pietro Lucini <\/strong>(Milan 1867-Breglia 1914) est un po\u00e8te, \u00e9crivain et critique litt\u00e9raire italien. Figure originale de la fin du XIX\u1d49 et du d\u00e9but du XX\u1d49 si\u00e8cle, il est consid\u00e9r\u00e9 comme un pr\u00e9curseur des avant-gardes po\u00e9tiques et du futurisme, bien qu\u2019il soit rest\u00e9 en marge des mouvements litt\u00e9raires officiels. Son recueil de po\u00e9sies le plus c\u00e9l\u00e8bre, <em>Revolverate<\/em>, a \u00e9t\u00e9 publi\u00e9 par Marinetti en 1909, puis red\u00e9couvert et publi\u00e9 en \u00e9dition critique par Edoardo Sanguineti (1974). Influenc\u00e9 par le symbolisme, le d\u00e9cadentisme et les avant-gardes europ\u00e9ennes, Lucini s\u2019oppose fermement \u00e0 la tradition acad\u00e9mique et d\u00e9fend une po\u00e9sie exp\u00e9rimentale, engag\u00e9e et anticonformiste. Il joue un r\u00f4le important dans la th\u00e9orisation du vers libre en Italie, notamment avec son essai <em>Il verso libero<\/em> (1908).<\/p>\n\n\n\n<p style=\"font-size:20px\">Anarchiste et anti-bourgeois, Lucini s&#8217;est distingu\u00e9 pour ses positions contre la monarchie, l&#8217;\u00c9glise et l&#8217;arm\u00e9e, qui lui ont valu des poursuites pour antimilitarisme. Il laisse une \u0153uvre marqu\u00e9e par la critique sociale, la provocation et la recherche formelle. <\/p>\n\n\n\n<p>Aux \u00e9ditions KC : <strong><a href=\"https:\/\/www.kceditions.fr\/index.php\/lucini\/\"><em>Esprit rebelle<\/em><\/a> <\/strong>(2025).<\/p>\n","protected":false},"excerpt":{"rendered":"<p>Gian Pietro Lucini (Milan 1867-Breglia 1914) est un po\u00e8te, \u00e9crivain et critique litt\u00e9raire italien. Figure originale de la fin du XIX\u1d49 et du d\u00e9but du XX\u1d49 si\u00e8cle, il est consid\u00e9r\u00e9 comme un pr\u00e9curseur des avant-gardes po\u00e9tiques et du futurisme, bien qu\u2019il soit rest\u00e9 en marge des mouvements litt\u00e9raires officiels. Son recueil de po\u00e9sies le plus [&hellip;]<\/p>\n","protected":false},"author":1,"featured_media":825,"parent":0,"menu_order":0,"comment_status":"closed","ping_status":"closed","template":"","meta":{"footnotes":""},"class_list":["post-909","page","type-page","status-publish","has-post-thumbnail","hentry"],"_links":{"self":[{"href":"https:\/\/www.kceditions.fr\/index.php\/wp-json\/wp\/v2\/pages\/909","targetHints":{"allow":["GET"]}}],"collection":[{"href":"https:\/\/www.kceditions.fr\/index.php\/wp-json\/wp\/v2\/pages"}],"about":[{"href":"https:\/\/www.kceditions.fr\/index.php\/wp-json\/wp\/v2\/types\/page"}],"author":[{"embeddable":true,"href":"https:\/\/www.kceditions.fr\/index.php\/wp-json\/wp\/v2\/users\/1"}],"replies":[{"embeddable":true,"href":"https:\/\/www.kceditions.fr\/index.php\/wp-json\/wp\/v2\/comments?post=909"}],"version-history":[{"count":5,"href":"https:\/\/www.kceditions.fr\/index.php\/wp-json\/wp\/v2\/pages\/909\/revisions"}],"predecessor-version":[{"id":1021,"href":"https:\/\/www.kceditions.fr\/index.php\/wp-json\/wp\/v2\/pages\/909\/revisions\/1021"}],"wp:featuredmedia":[{"embeddable":true,"href":"https:\/\/www.kceditions.fr\/index.php\/wp-json\/wp\/v2\/media\/825"}],"wp:attachment":[{"href":"https:\/\/www.kceditions.fr\/index.php\/wp-json\/wp\/v2\/media?parent=909"}],"curies":[{"name":"wp","href":"https:\/\/api.w.org\/{rel}","templated":true}]}}